{"id":5816,"date":"2022-03-31T12:20:26","date_gmt":"2022-03-31T12:20:26","guid":{"rendered":"https:\/\/dejananaturally.com\/?post_type=product&#038;p=5816"},"modified":"2025-11-21T12:33:58","modified_gmt":"2025-11-21T05:33:58","slug":"general-detox-tea","status":"publish","type":"product","link":"https:\/\/dejananaturally.com\/fr\/produit\/general-detox-tea\/","title":{"rendered":"General Detox Tea"},"content":{"rendered":"<p><strong>Format:<br \/>\n<\/strong>200 mg of <span class=\"JsGRdQ\">100% plantes<\/span><\/p>\n<p><span class=\"JsGRdQ\">Serving size per tea bag: 30<\/span><\/p>\n<p><span class=\"JsGRdQ\">Autres ingr\u00e9dients : Aucun <\/span><span class=\"JsGRdQ\">\u00a0<\/span><\/p>\n<p><strong>Mode d'emploi:<br \/>\n<\/strong><span class=\"JsGRdQ\">Serving size 2 tbsp (\u2248 6g)<\/span><\/p>\n<p><span class=\"JsGRdQ\">Mettre 2 cuill\u00e8res \u00e0 soupe de th\u00e9 dans 1l d'eau froide. Laisser bouillir quelques secondes, \u00e9teindre le feu, couvrir et infuser 10 minutes. Filtrer et boire.<\/span><\/p>\n<p><strong>Composition:<\/strong><\/p>\n<p class=\"_04xlpA direction-ltr align-center para-style-body\"><span class=\"JsGRdQ\">Sour Cherry, Rosemary, Boldo, Birch, Linden Sapwood, Meadowsweet, Green Anise, Blackcurrant<\/span><\/p>\n<p><strong>Format:<\/strong><\/p>\n<p>Ecological packaging, containing only the finest and most potent ingredients from around the world<\/p>\n<div id=\"gtx-trans\" style=\"position: absolute; left: 21px; top: 53px;\">\n<div class=\"gtx-trans-icon\"><\/div>\n<\/div>","protected":false},"excerpt":{"rendered":"<p>GENERAL DETOXIFICATION BLEND \u2013 Our all-natural blend will address the 3 primary filter detoxification functions &#8211; liver\/gall bladder, kidneys and intestine and neutralise oxidants.<\/p>\n<p>IDEAL FOR BEFORE OR DUING A HEALTH AND\u00a0WEIGHT MANAGEMENT PROGRAMS \u00a0\u2013 Alleviates the discomforts of toxin accumulation by encouraging the restoration of the body\u2019s three primary filters.<\/p>\n<p>FORMUL\u00c9 PAR UN DEJANA NATURELLEMENT - Ce m\u00e9lange de th\u00e9 tr\u00e8s efficace a \u00e9t\u00e9 d\u00e9velopp\u00e9 apr\u00e8s plus d'une d\u00e9cennie d'exp\u00e9rience de travail avec des herbes.<\/p>","protected":false},"featured_media":5818,"comment_status":"closed","ping_status":"closed","template":"","meta":{"_et_pb_use_builder":"","_et_pb_old_content":"","_et_gb_content_width":""},"product_brand":[],"product_cat":[105],"product_tag":[],"class_list":{"0":"post-5816","1":"product","2":"type-product","3":"status-publish","4":"has-post-thumbnail","6":"product_cat-vitamins-minerals","8":"first","9":"outofstock","10":"purchasable","11":"product-type-simple"},"_links":{"self":[{"href":"https:\/\/dejananaturally.com\/fr\/wp-json\/wp\/v2\/product\/5816","targetHints":{"allow":["GET"]}}],"collection":[{"href":"https:\/\/dejananaturally.com\/fr\/wp-json\/wp\/v2\/product"}],"about":[{"href":"https:\/\/dejananaturally.com\/fr\/wp-json\/wp\/v2\/types\/product"}],"replies":[{"embeddable":true,"href":"https:\/\/dejananaturally.com\/fr\/wp-json\/wp\/v2\/comments?post=5816"}],"wp:featuredmedia":[{"embeddable":true,"href":"https:\/\/dejananaturally.com\/fr\/wp-json\/wp\/v2\/media\/5818"}],"wp:attachment":[{"href":"https:\/\/dejananaturally.com\/fr\/wp-json\/wp\/v2\/media?parent=5816"}],"wp:term":[{"taxonomy":"product_brand","embeddable":true,"href":"https:\/\/dejananaturally.com\/fr\/wp-json\/wp\/v2\/product_brand?post=5816"},{"taxonomy":"product_cat","embeddable":true,"href":"https:\/\/dejananaturally.com\/fr\/wp-json\/wp\/v2\/product_cat?post=5816"},{"taxonomy":"product_tag","embeddable":true,"href":"https:\/\/dejananaturally.com\/fr\/wp-json\/wp\/v2\/product_tag?post=5816"}],"curies":[{"name":"wp","href":"https:\/\/api.w.org\/{rel}","templated":true}]}}