{"id":5814,"date":"2022-03-31T12:13:04","date_gmt":"2022-03-31T12:13:04","guid":{"rendered":"https:\/\/dejananaturally.com\/?post_type=product&#038;p=5814"},"modified":"2025-11-21T12:34:08","modified_gmt":"2025-11-21T05:34:08","slug":"slimming-tea","status":"publish","type":"product","link":"https:\/\/dejananaturally.com\/fr\/produit\/slimming-tea\/","title":{"rendered":"Slimming Tea"},"content":{"rendered":"<p><strong>Format:<br \/>\n<\/strong>250 mg of <span class=\"JsGRdQ\">100% plantes<\/span><\/p>\n<p><span class=\"JsGRdQ\">Portion par sachet de th\u00e9\u00a0: 25<\/span><\/p>\n<p><span class=\"JsGRdQ\">Autres ingr\u00e9dients : Aucun <\/span><span class=\"JsGRdQ\">\u00a0<\/span><\/p>\n<p><strong>Mode d'emploi:<br \/>\n<\/strong><span class=\"JsGRdQ\">Serving size 2 tbsp (\u2248 10g)<\/span><\/p>\n<p><span class=\"JsGRdQ\">Mettre 2 cuill\u00e8res \u00e0 soupe de th\u00e9 dans 1l d'eau froide. Laisser bouillir quelques secondes, \u00e9teindre le feu, couvrir et infuser 10 minutes. Filtrer et boire.<\/span><\/p>\n<p><strong>Composition:<\/strong><\/p>\n<p class=\"_04xlpA direction-ltr align-center para-style-body\"><span class=\"JsGRdQ\">Fucus, Nerprun, Gousse de haricot, Th\u00e9 vert, Anis vert, Menthe paruline, Reine des pr\u00e9s, Passiflore, Caroube, Zeste de citron, Hamam\u00e9lis<\/span><\/p>\n<p><strong>Format:<\/strong><\/p>\n<p>Emballage \u00e9cologique, contenant uniquement les ingr\u00e9dients les plus fins et les plus puissants du monde entier.<\/p>\n<div id=\"gtx-trans\" style=\"position: absolute; left: 21px; top: 53px;\">\n<div class=\"gtx-trans-icon\"><\/div>\n<\/div>","protected":false},"excerpt":{"rendered":"<p>AIDE LA PERTE DE POIDS - Notre m\u00e9lange enti\u00e8rement naturel stimulera le m\u00e9tabolisme, restaurera vos fonctions de filtre naturelles, neutralisera les oxydants et aidera \u00e0 r\u00e9duire la teneur en graisse. Id\u00e9al pour la perte de poids.<\/p>\n<p>ID\u00c9AL AVANT OU PENDANT UN PROGRAMME DE GESTION DE LA SANT\u00c9 ET DU POIDS - Soulage les d\u00e9sagr\u00e9ments de l'accumulation de toxines en br\u00fblant les graisses et en stimulant le m\u00e9tabolisme.<\/p>\n<p>FORMUL\u00c9 PAR UN DEJANA NATURALLY - Ce m\u00e9lange de th\u00e9 tr\u00e8s efficace a \u00e9t\u00e9 d\u00e9velopp\u00e9 apr\u00e8s plus d'une d\u00e9cennie d'exp\u00e9rience de travail avec des herbes.<\/p>","protected":false},"featured_media":5819,"comment_status":"closed","ping_status":"closed","template":"","meta":{"_et_pb_use_builder":"","_et_pb_old_content":"","_et_gb_content_width":""},"product_brand":[],"product_cat":[109,105],"product_tag":[],"class_list":{"0":"post-5814","1":"product","2":"type-product","3":"status-publish","4":"has-post-thumbnail","6":"product_cat-other-supplements","7":"product_cat-vitamins-minerals","9":"first","10":"outofstock","11":"purchasable","12":"product-type-simple"},"_links":{"self":[{"href":"https:\/\/dejananaturally.com\/fr\/wp-json\/wp\/v2\/product\/5814","targetHints":{"allow":["GET"]}}],"collection":[{"href":"https:\/\/dejananaturally.com\/fr\/wp-json\/wp\/v2\/product"}],"about":[{"href":"https:\/\/dejananaturally.com\/fr\/wp-json\/wp\/v2\/types\/product"}],"replies":[{"embeddable":true,"href":"https:\/\/dejananaturally.com\/fr\/wp-json\/wp\/v2\/comments?post=5814"}],"wp:featuredmedia":[{"embeddable":true,"href":"https:\/\/dejananaturally.com\/fr\/wp-json\/wp\/v2\/media\/5819"}],"wp:attachment":[{"href":"https:\/\/dejananaturally.com\/fr\/wp-json\/wp\/v2\/media?parent=5814"}],"wp:term":[{"taxonomy":"product_brand","embeddable":true,"href":"https:\/\/dejananaturally.com\/fr\/wp-json\/wp\/v2\/product_brand?post=5814"},{"taxonomy":"product_cat","embeddable":true,"href":"https:\/\/dejananaturally.com\/fr\/wp-json\/wp\/v2\/product_cat?post=5814"},{"taxonomy":"product_tag","embeddable":true,"href":"https:\/\/dejananaturally.com\/fr\/wp-json\/wp\/v2\/product_tag?post=5814"}],"curies":[{"name":"wp","href":"https:\/\/api.w.org\/{rel}","templated":true}]}}