{"id":5809,"date":"2022-03-31T11:12:39","date_gmt":"2022-03-31T11:12:39","guid":{"rendered":"https:\/\/dejananaturally.com\/?post_type=product&#038;p=5809"},"modified":"2025-11-21T12:34:20","modified_gmt":"2025-11-21T05:34:20","slug":"liver-detox-tea","status":"publish","type":"product","link":"https:\/\/dejananaturally.com\/fr\/produit\/liver-detox-tea\/","title":{"rendered":"Liver Detox Tea"},"content":{"rendered":"<p><strong>Format:<br \/>\n<\/strong>160 mg of <span class=\"JsGRdQ\">100% plantes<\/span><\/p>\n<p><span class=\"JsGRdQ\">Portion par sachet de th\u00e9 : 26<\/span><\/p>\n<p><span class=\"JsGRdQ\">Autres ingr\u00e9dients : Aucun <\/span><span class=\"JsGRdQ\">\u00a0<\/span><\/p>\n<p><strong>Mode d'emploi:<br \/>\n<\/strong><span class=\"JsGRdQ\">Serving size 2 tbsp (\u2248 6g)<\/span><\/p>\n<p><span class=\"JsGRdQ\">Mettre 2 cuill\u00e8res \u00e0 soupe de th\u00e9 dans 1l d'eau froide. Laisser bouillir quelques secondes, \u00e9teindre le feu, couvrir et infuser 10 minutes. Filtrer et boire.<\/span><\/p>\n<p><strong>Composition:<\/strong><\/p>\n<p class=\"_04xlpA direction-ltr align-center para-style-body\"><span class=\"JsGRdQ\">Boldo, Chicory, Rosemary, Linden Sapwood,<\/span><span class=\"JsGRdQ\">Bitter Orange, Combretum, Marigold, Artichoke<\/span><\/p>\n<p><strong>Format:<\/strong><\/p>\n<p>Ecological packaging, containing only the finest and most potent ingredients from around the world<\/p>\n<div id=\"gtx-trans\" style=\"position: absolute; left: 21px; top: 53px;\">\n<div class=\"gtx-trans-icon\"><\/div>\n<\/div>","protected":false},"excerpt":{"rendered":"<p>AIDE \u00c0 D\u00c9TOXIFIER ET \u00c0 AM\u00c9LIORER LA FONCTION FOIE - Notre m\u00e9lange enti\u00e8rement naturel nettoiera et restaurera la fonction h\u00e9patique, neutralisera les oxydants et aidera \u00e0 lib\u00e9rer les toxines.<\/p>\n<p>D\u00c9AL POUR AVANT OU PENDANT UN PROGRAMME DE SANT\u00c9 OU UN JE\u00dbNE - Soulage les d\u00e9sagr\u00e9ments de l'accumulation de toxines en favorisant la restauration du filtre primaire du corps<\/p>\n<p>FORMUL\u00c9 PAR UN DEJANA NATURELLEMENT - Ce m\u00e9lange de th\u00e9 tr\u00e8s efficace a \u00e9t\u00e9 d\u00e9velopp\u00e9 apr\u00e8s plus d'une d\u00e9cennie d'exp\u00e9rience de travail avec des herbes.<\/p>","protected":false},"featured_media":5811,"comment_status":"closed","ping_status":"closed","template":"","meta":{"_et_pb_use_builder":"","_et_pb_old_content":"","_et_gb_content_width":""},"product_brand":[],"product_cat":[105],"product_tag":[],"class_list":{"0":"post-5809","1":"product","2":"type-product","3":"status-publish","4":"has-post-thumbnail","6":"product_cat-vitamins-minerals","8":"first","9":"outofstock","10":"purchasable","11":"product-type-simple"},"_links":{"self":[{"href":"https:\/\/dejananaturally.com\/fr\/wp-json\/wp\/v2\/product\/5809","targetHints":{"allow":["GET"]}}],"collection":[{"href":"https:\/\/dejananaturally.com\/fr\/wp-json\/wp\/v2\/product"}],"about":[{"href":"https:\/\/dejananaturally.com\/fr\/wp-json\/wp\/v2\/types\/product"}],"replies":[{"embeddable":true,"href":"https:\/\/dejananaturally.com\/fr\/wp-json\/wp\/v2\/comments?post=5809"}],"wp:featuredmedia":[{"embeddable":true,"href":"https:\/\/dejananaturally.com\/fr\/wp-json\/wp\/v2\/media\/5811"}],"wp:attachment":[{"href":"https:\/\/dejananaturally.com\/fr\/wp-json\/wp\/v2\/media?parent=5809"}],"wp:term":[{"taxonomy":"product_brand","embeddable":true,"href":"https:\/\/dejananaturally.com\/fr\/wp-json\/wp\/v2\/product_brand?post=5809"},{"taxonomy":"product_cat","embeddable":true,"href":"https:\/\/dejananaturally.com\/fr\/wp-json\/wp\/v2\/product_cat?post=5809"},{"taxonomy":"product_tag","embeddable":true,"href":"https:\/\/dejananaturally.com\/fr\/wp-json\/wp\/v2\/product_tag?post=5809"}],"curies":[{"name":"wp","href":"https:\/\/api.w.org\/{rel}","templated":true}]}}