{"id":4028,"date":"2021-09-24T15:05:26","date_gmt":"2021-09-24T15:05:26","guid":{"rendered":"https:\/\/dejananaturally.com\/product\/alpha-lipoic-acid\/"},"modified":"2025-11-21T12:42:08","modified_gmt":"2025-11-21T05:42:08","slug":"l-glutamine","status":"publish","type":"product","link":"https:\/\/dejananaturally.com\/fr\/produit\/l-glutamine\/","title":{"rendered":"L-Glutamine en poudre"},"content":{"rendered":"<p><strong>Format:<br \/>\n<\/strong>100 mg de <span class=\"JsGRdQ\">L-glutamine 100% naturelle.<\/span><\/p>\n<p><span class=\"JsGRdQ\">Portion par pot\u00a0: 100<\/span><\/p>\n<p><span class=\"JsGRdQ\">Autres ingr\u00e9dients : Aucun <\/span><span class=\"JsGRdQ\">\u00a0<\/span><\/p>\n<p><span class=\"JsGRdQ\">Contient une petite mesurette<\/span><\/p>\n<p><strong>Mode d'emploi:<br \/>\n<\/strong><span class=\"JsGRdQ\">Portion 1 mesurette (\u2248 1g)<\/span><\/p>\n<p><span class=\"JsGRdQ\">M\u00e9langez 3 \u00e0 5 cuill\u00e8res rases dans de l'eau, du jus ou une boisson de votre choix, de pr\u00e9f\u00e9rence juste avant de vous coucher, ou selon les recommandations de votre nutritionniste ou naturopathe.<\/span><\/p>\n<p><strong>Plus d'information:<\/strong><br \/>\n<span class=\"JsGRdQ\">Afin de pr\u00e9server la qualit\u00e9 du produit, \u00e0 conserver dans un endroit sec \u00e0 l'abri de la lumi\u00e8re et de la chaleur.<\/span><\/p>\n<div id=\"gtx-trans\" style=\"position: absolute; left: 21px; top: 53px;\">\n<div class=\"gtx-trans-icon\"><\/div>\n<\/div>","protected":false},"excerpt":{"rendered":"<p><span class=\"JsGRdQ\">L-glutamine 100% naturelle<\/span><\/p>\n<p><span class=\"JsGRdQ\">Aide \u00e0 soutenir un intestin sain.\u00a0<\/span><\/p>","protected":false},"featured_media":5801,"comment_status":"closed","ping_status":"closed","template":"","meta":{"_et_pb_use_builder":"","_et_pb_old_content":"","_et_gb_content_width":""},"product_brand":[],"product_cat":[105],"product_tag":[],"class_list":{"0":"post-4028","1":"product","2":"type-product","3":"status-publish","4":"has-post-thumbnail","6":"product_cat-vitamins-minerals","8":"first","9":"outofstock","10":"purchasable","11":"product-type-simple"},"_links":{"self":[{"href":"https:\/\/dejananaturally.com\/fr\/wp-json\/wp\/v2\/product\/4028","targetHints":{"allow":["GET"]}}],"collection":[{"href":"https:\/\/dejananaturally.com\/fr\/wp-json\/wp\/v2\/product"}],"about":[{"href":"https:\/\/dejananaturally.com\/fr\/wp-json\/wp\/v2\/types\/product"}],"replies":[{"embeddable":true,"href":"https:\/\/dejananaturally.com\/fr\/wp-json\/wp\/v2\/comments?post=4028"}],"wp:featuredmedia":[{"embeddable":true,"href":"https:\/\/dejananaturally.com\/fr\/wp-json\/wp\/v2\/media\/5801"}],"wp:attachment":[{"href":"https:\/\/dejananaturally.com\/fr\/wp-json\/wp\/v2\/media?parent=4028"}],"wp:term":[{"taxonomy":"product_brand","embeddable":true,"href":"https:\/\/dejananaturally.com\/fr\/wp-json\/wp\/v2\/product_brand?post=4028"},{"taxonomy":"product_cat","embeddable":true,"href":"https:\/\/dejananaturally.com\/fr\/wp-json\/wp\/v2\/product_cat?post=4028"},{"taxonomy":"product_tag","embeddable":true,"href":"https:\/\/dejananaturally.com\/fr\/wp-json\/wp\/v2\/product_tag?post=4028"}],"curies":[{"name":"wp","href":"https:\/\/api.w.org\/{rel}","templated":true}]}}