{"id":4021,"date":"2021-09-24T15:05:05","date_gmt":"2021-09-24T15:05:05","guid":{"rendered":"https:\/\/dejananaturally.com\/product\/digestive-enzymes\/"},"modified":"2025-11-21T12:35:11","modified_gmt":"2025-11-21T05:35:11","slug":"vitamine-c","status":"publish","type":"product","link":"https:\/\/dejananaturally.com\/fr\/produit\/vitamine-c\/","title":{"rendered":"Vitamine C en poudre"},"content":{"rendered":"<p><strong>Format:<br \/>\n<\/strong>150 mg de vitamine C naturelle pure issue de plantes<\/p>\n<p><span class=\"JsGRdQ\">Portion par pot\u00a0: 150<\/span><\/p>\n<p><span class=\"JsGRdQ\">Autres ingr\u00e9dients : Aucun <\/span><span class=\"JsGRdQ\">\u00a0<\/span><\/p>\n<p><span class=\"JsGRdQ\">Contient une petite mesurette<\/span><\/p>\n<p><strong>Mode d'emploi:<\/strong><br \/>\n<span class=\"JsGRdQ\">Portion 2 cuill\u00e8res (\u2248 1g). M\u00e9langer deux cuill\u00e8res rases dans de l'eau, du jus ou une boisson de votre choix de pr\u00e9f\u00e9rence sans nourriture, ou selon les recommandations de votre nutritionniste ou naturopathe.<\/span><\/p>\n<p><strong>Plus d'information:<\/strong><br \/>\n<span class=\"JsGRdQ\">Afin de pr\u00e9server la qualit\u00e9 du produit, \u00e0 conserver dans un endroit sec \u00e0 l'abri de la lumi\u00e8re et de la chaleur. <\/span><\/p>\n<div id=\"gtx-trans\" style=\"position: absolute; left: 21px; top: 53px;\">\n<div class=\"gtx-trans-icon\"><\/div>\n<\/div>","protected":false},"excerpt":{"rendered":"<p><span class=\"JsGRdQ\">Vitamine C 100% pure et naturelle issue de plantes sous forme de poudre.<\/span><\/p>\n<p><span class=\"JsGRdQ\">Vitamine C sous forme d'acide L-ascorbique.<\/span><\/p>","protected":false},"featured_media":5583,"comment_status":"closed","ping_status":"closed","template":"","meta":{"_et_pb_use_builder":"","_et_pb_old_content":"","_et_gb_content_width":""},"product_brand":[],"product_cat":[105],"product_tag":[],"class_list":{"0":"post-4021","1":"product","2":"type-product","3":"status-publish","4":"has-post-thumbnail","6":"product_cat-vitamins-minerals","8":"first","9":"outofstock","10":"purchasable","11":"product-type-simple"},"_links":{"self":[{"href":"https:\/\/dejananaturally.com\/fr\/wp-json\/wp\/v2\/product\/4021","targetHints":{"allow":["GET"]}}],"collection":[{"href":"https:\/\/dejananaturally.com\/fr\/wp-json\/wp\/v2\/product"}],"about":[{"href":"https:\/\/dejananaturally.com\/fr\/wp-json\/wp\/v2\/types\/product"}],"replies":[{"embeddable":true,"href":"https:\/\/dejananaturally.com\/fr\/wp-json\/wp\/v2\/comments?post=4021"}],"wp:featuredmedia":[{"embeddable":true,"href":"https:\/\/dejananaturally.com\/fr\/wp-json\/wp\/v2\/media\/5583"}],"wp:attachment":[{"href":"https:\/\/dejananaturally.com\/fr\/wp-json\/wp\/v2\/media?parent=4021"}],"wp:term":[{"taxonomy":"product_brand","embeddable":true,"href":"https:\/\/dejananaturally.com\/fr\/wp-json\/wp\/v2\/product_brand?post=4021"},{"taxonomy":"product_cat","embeddable":true,"href":"https:\/\/dejananaturally.com\/fr\/wp-json\/wp\/v2\/product_cat?post=4021"},{"taxonomy":"product_tag","embeddable":true,"href":"https:\/\/dejananaturally.com\/fr\/wp-json\/wp\/v2\/product_tag?post=4021"}],"curies":[{"name":"wp","href":"https:\/\/api.w.org\/{rel}","templated":true}]}}